{"id":929,"date":"2023-09-18T19:50:56","date_gmt":"2023-09-18T17:50:56","guid":{"rendered":"https:\/\/intersys.site\/?page_id=929"},"modified":"2024-02-14T12:12:14","modified_gmt":"2024-02-14T11:12:14","slug":"hl7-fhir-integrations","status":"publish","type":"page","link":"https:\/\/intersys.site\/en\/hl7-fhir-integrations\/","title":{"rendered":"HL7\/FHIR Integrations"},"content":{"rendered":"<p>[et_pb_section fb_built=&#8221;1&#8243; admin_label=&#8221;Hero&#8221; _builder_version=&#8221;4.22.2&#8243; background_color=&#8221;#e7af22&#8243; background_image=&#8221;https:\/\/intersys.site\/wp-content\/uploads\/2023\/09\/circle-background-pattern.png&#8221; custom_padding=&#8221;67px|0px|67.1875px|0px|false|false&#8221; animation_style=&#8221;zoom&#8221; animation_intensity_zoom=&#8221;4%&#8221; global_colors_info=&#8221;{}&#8221;][et_pb_row _builder_version=&#8221;4.16&#8243; custom_padding=&#8221;|||&#8221; animation_style=&#8221;slide&#8221; animation_direction=&#8221;top&#8221; animation_intensity_slide=&#8221;3%&#8221; global_colors_info=&#8221;{}&#8221;][et_pb_column type=&#8221;4_4&#8243; _builder_version=&#8221;4.16&#8243; custom_padding=&#8221;|||&#8221; global_colors_info=&#8221;{}&#8221; custom_padding__hover=&#8221;|||&#8221;][et_pb_text _builder_version=&#8221;4.24.0&#8243; text_font=&#8221;||||||||&#8221; header_font=&#8221;Montserrat|700||on|||||&#8221; header_text_color=&#8221;#f7f7f7&#8243; header_font_size=&#8221;60px&#8221; header_line_height=&#8221;1.3em&#8221; custom_margin=&#8221;|||&#8221; animation_style=&#8221;fade&#8221; header_font_size_last_edited=&#8221;off|desktop&#8221; locked=&#8221;off&#8221; global_colors_info=&#8221;{}&#8221;]<\/p>\n<h1><span class=\"antiqua\">HL7\/FHIR <\/span><br \/><span class=\"antiqua\" style=\"color: #353740;\">Integrations<\/span><\/h1>\n<p>[\/et_pb_text][\/et_pb_column][\/et_pb_row][\/et_pb_section][et_pb_section fb_built=&#8221;1&#8243; admin_label=&#8221;Creative Process Section&#8221; _builder_version=&#8221;4.16&#8243; custom_padding=&#8221;110px||110px|&#8221; global_colors_info=&#8221;{}&#8221;][et_pb_row admin_label=&#8221;Service Section Title&#8221; _builder_version=&#8221;4.16&#8243; custom_margin=&#8221;||40px|&#8221; animation_style=&#8221;fade&#8221; animation_direction=&#8221;top&#8221; saved_tabs=&#8221;all&#8221; locked=&#8221;off&#8221; global_colors_info=&#8221;{}&#8221;][et_pb_column type=&#8221;4_4&#8243; _builder_version=&#8221;4.16&#8243; custom_padding=&#8221;|||&#8221; global_colors_info=&#8221;{}&#8221; custom_padding__hover=&#8221;|||&#8221;][et_pb_text admin_label=&#8221;Title&#8221; _builder_version=&#8221;4.24.0&#8243; text_font=&#8221;Montserrat||||||||&#8221; text_text_color=&#8221;#747d88&#8243; text_font_size=&#8221;16px&#8221; text_line_height=&#8221;1.9em&#8221; header_font=&#8221;||||||||&#8221; header_2_font=&#8221;Montserrat|700||on|||||&#8221; header_2_font_size=&#8221;42px&#8221; header_2_line_height=&#8221;1.3em&#8221; text_orientation=&#8221;center&#8221; module_alignment=&#8221;center&#8221; animation_style=&#8221;slide&#8221; animation_direction=&#8221;bottom&#8221; animation_intensity_slide=&#8221;4%&#8221; hover_enabled=&#8221;0&#8243; global_colors_info=&#8221;{}&#8221; sticky_enabled=&#8221;0&#8243;]<\/p>\n<h2>HL7 v2.x and FHIR integrations:<\/h2>\n<p>[\/et_pb_text][et_pb_text admin_label=&#8221;Subtitle&#8221; _builder_version=&#8221;4.24.0&#8243; text_font=&#8221;Montserrat||||&#8221; text_text_color=&#8221;#747d88&#8243; text_font_size=&#8221;16px&#8221; text_line_height=&#8221;1.8em&#8221; header_font=&#8221;||||||||&#8221; text_orientation=&#8221;center&#8221; max_width=&#8221;700px&#8221; module_alignment=&#8221;center&#8221; custom_margin=&#8221;|||&#8221; animation_style=&#8221;slide&#8221; animation_direction=&#8221;bottom&#8221; animation_delay=&#8221;100ms&#8221; animation_intensity_slide=&#8221;4%&#8221; global_colors_info=&#8221;{}&#8221;]<\/p>\n<p>Connecting Your Health Systems Efficiently with Intersys.<\/p>\n<p>[\/et_pb_text][\/et_pb_column][\/et_pb_row][et_pb_row _builder_version=&#8221;4.22.2&#8243; max_width=&#8221;1500px&#8221; global_colors_info=&#8221;{}&#8221;][et_pb_column type=&#8221;4_4&#8243; _builder_version=&#8221;4.16&#8243; custom_padding=&#8221;|||&#8221; global_colors_info=&#8221;{}&#8221; custom_padding__hover=&#8221;|||&#8221;][et_pb_text _builder_version=&#8221;4.24.0&#8243; text_font=&#8221;Montserrat||||&#8221; text_text_color=&#8221;#747d88&#8243; text_font_size=&#8221;16px&#8221; text_line_height=&#8221;1.8em&#8221; animation_style=&#8221;flip&#8221; animation_intensity_flip=&#8221;20%&#8221; hover_enabled=&#8221;0&#8243; global_colors_info=&#8221;{}&#8221; sticky_enabled=&#8221;0&#8243;]<\/p>\n<p><span>In an increasingly digital and connected world, the interoperability of healthcare systems is critical to ensure efficiency in healthcare delivery. At Intersys, we specialize in performing HL7 v2.x (Health Level 7) and FHIR (Fast Healthcare Interoperability Resources) integrations to efficiently connect and synchronize your healthcare systems. <\/span><\/p>\n<p>[\/et_pb_text][et_pb_text _builder_version=&#8221;4.24.0&#8243; text_font=&#8221;Montserrat||||&#8221; text_text_color=&#8221;#747d88&#8243; text_font_size=&#8221;16px&#8221; text_line_height=&#8221;1.8em&#8221; animation_style=&#8221;flip&#8221; animation_intensity_flip=&#8221;20%&#8221; global_colors_info=&#8221;{}&#8221;]<\/p>\n<p><span>HL7 v2.x and FHIR are widely used standards for the exchange of clinical and administrative information between different healthcare systems. These standards enable seamless and secure communication, facilitating the exchange of relevant data, such as medical records, lab results, medical images and more. <\/span><\/p>\n<p>[\/et_pb_text][et_pb_text _builder_version=&#8221;4.24.0&#8243; text_font=&#8221;Montserrat||||&#8221; text_text_color=&#8221;#747d88&#8243; text_font_size=&#8221;16px&#8221; text_line_height=&#8221;1.8em&#8221; animation_style=&#8221;flip&#8221; animation_intensity_flip=&#8221;20%&#8221; global_colors_info=&#8221;{}&#8221;]<\/p>\n<p><span>Our team of healthcare integrations experts understands the importance of a correct and customized implementation of HL7 v2.x and FHIR to meet your specific needs. We offer complete integration services that include:<\/span><\/p>\n<p>[\/et_pb_text][\/et_pb_column][\/et_pb_row][et_pb_row column_structure=&#8221;1_2,1_2&#8243; _builder_version=&#8221;4.16&#8243; global_colors_info=&#8221;{}&#8221;][et_pb_column type=&#8221;1_2&#8243; _builder_version=&#8221;4.16&#8243; custom_padding=&#8221;|||&#8221; global_colors_info=&#8221;{}&#8221; custom_padding__hover=&#8221;|||&#8221;][et_pb_text _builder_version=&#8221;4.24.0&#8243; text_font=&#8221;Montserrat||||&#8221; text_text_color=&#8221;#747d88&#8243; text_font_size=&#8221;16px&#8221; text_line_height=&#8221;1.8em&#8221; header_font=&#8221;||||||||&#8221; header_4_font=&#8221;Montserrat|600|||||||&#8221; header_4_font_size=&#8221;22px&#8221; animation_style=&#8221;fade&#8221; hover_enabled=&#8221;0&#8243; global_colors_info=&#8221;{}&#8221; sticky_enabled=&#8221;0&#8243;]<\/p>\n<h4>Requirements analysis:<\/h4>\n<p>We will meet with you to understand your integration needs and requirements. We will perform a thorough analysis of your current systems and the necessary interfaces to determine the best HL7 v2.x and FHIR integration solution.<\/p>\n<p>[\/et_pb_text][et_pb_text _builder_version=&#8221;4.24.0&#8243; text_font=&#8221;Montserrat||||&#8221; text_text_color=&#8221;#747d88&#8243; text_font_size=&#8221;16px&#8221; text_line_height=&#8221;1.8em&#8221; header_font=&#8221;||||||||&#8221; header_4_font=&#8221;Montserrat|600|||||||&#8221; header_4_font_size=&#8221;22px&#8221; animation_style=&#8221;fade&#8221; hover_enabled=&#8221;0&#8243; global_colors_info=&#8221;{}&#8221; sticky_enabled=&#8221;0&#8243;]<\/p>\n<h4>Interface development:<\/h4>\n<p>Using our expertise in healthcare software development, we will create custom HL7 v2.x and FHIR interfaces that enable secure and efficient data exchange. We will ensure that the interfaces are compatible with your existing systems and comply with standards and best practices.<\/p>\n<p>[\/et_pb_text][\/et_pb_column][et_pb_column type=&#8221;1_2&#8243; _builder_version=&#8221;4.16&#8243; custom_padding=&#8221;|||&#8221; global_colors_info=&#8221;{}&#8221; custom_padding__hover=&#8221;|||&#8221;][et_pb_text _builder_version=&#8221;4.24.0&#8243; text_font=&#8221;Montserrat||||&#8221; text_text_color=&#8221;#747d88&#8243; text_font_size=&#8221;16px&#8221; text_line_height=&#8221;1.8em&#8221; header_font=&#8221;||||||||&#8221; header_4_font=&#8221;Montserrat|600|||||||&#8221; header_4_font_size=&#8221;22px&#8221; animation_style=&#8221;fade&#8221; hover_enabled=&#8221;0&#8243; global_colors_info=&#8221;{}&#8221; sticky_enabled=&#8221;0&#8243;]<\/p>\n<h4>Testing and validation:<\/h4>\n<p>We will perform rigorous testing to ensure that interfaces function correctly and meet established requirements. We will validate the interoperability of your systems and ensure that data is transmitted accurately and reliably.<\/p>\n<p>[\/et_pb_text][et_pb_text _builder_version=&#8221;4.24.0&#8243; text_font=&#8221;Montserrat||||&#8221; text_text_color=&#8221;#747d88&#8243; text_font_size=&#8221;16px&#8221; text_line_height=&#8221;1.8em&#8221; header_font=&#8221;||||||||&#8221; header_4_font=&#8221;Montserrat|600|||||||&#8221; header_4_font_size=&#8221;22px&#8221; animation_style=&#8221;fade&#8221; hover_enabled=&#8221;0&#8243; locked=&#8221;off&#8221; global_colors_info=&#8221;{}&#8221; sticky_enabled=&#8221;0&#8243;]<\/p>\n<h4>Implementation and ongoing support:<\/h4>\n<p>Our team of experts will support you during the implementation of the HL7 v2.x and FHIR interfaces, ensuring that the integration process is successful. We will also be available to provide you with ongoing support and make any necessary upgrades or adjustments in the future.<\/p>\n<p>[\/et_pb_text][\/et_pb_column][\/et_pb_row][\/et_pb_section][et_pb_section fb_built=&#8221;1&#8243; admin_label=&#8221;Feature Section 03&#8243; _builder_version=&#8221;4.22.2&#8243; custom_margin=&#8221;||||false|false&#8221; custom_padding=&#8221;0px||50px||false|false&#8221; global_colors_info=&#8221;{}&#8221;][et_pb_row column_structure=&#8221;1_2,1_2&#8243; use_custom_gutter=&#8221;on&#8221; gutter_width=&#8221;1&#8243; admin_label=&#8221;Feature Area&#8221; module_class=&#8221; et_pb_row_fullwidth cont-flex-integraciones-hl7&#8243; _builder_version=&#8221;4.22.2&#8243; width=&#8221;100%&#8221; width_tablet=&#8221;100%&#8221; width_phone=&#8221;100%&#8221; width_last_edited=&#8221;on|desktop&#8221; max_width=&#8221;100%&#8221; max_width_tablet=&#8221;100%&#8221; max_width_phone=&#8221;100%&#8221; max_width_last_edited=&#8221;on|desktop&#8221; custom_padding=&#8221;0px||0px|&#8221; make_fullwidth=&#8221;on&#8221; global_colors_info=&#8221;{}&#8221;][et_pb_column type=&#8221;1_2&#8243; _builder_version=&#8221;4.16&#8243; custom_padding=&#8221;|||&#8221; global_colors_info=&#8221;{}&#8221; custom_padding__hover=&#8221;|||&#8221;][et_pb_image src=&#8221;https:\/\/intersys.site\/wp-content\/uploads\/2023\/09\/hl7fhir.jpg&#8221; title_text=&#8221;hl7fhir&#8221; align=&#8221;right&#8221; align_tablet=&#8221;center&#8221; align_phone=&#8221;center&#8221; align_last_edited=&#8221;on|desktop&#8221; _builder_version=&#8221;4.24.0&#8243; animation_style=&#8221;slide&#8221; animation_direction=&#8221;left&#8221; animation_intensity_slide=&#8221;20%&#8221; animation_starting_opacity=&#8221;100%&#8221; hover_enabled=&#8221;0&#8243; global_colors_info=&#8221;{}&#8221; sticky_enabled=&#8221;0&#8243;][\/et_pb_image][\/et_pb_column][et_pb_column type=&#8221;1_2&#8243; _builder_version=&#8221;4.16&#8243; custom_padding=&#8221;5%|5%|5%|5%&#8221; global_colors_info=&#8221;{}&#8221; custom_padding__hover=&#8221;|||&#8221;][et_pb_text admin_label=&#8221;Title&#8221; _builder_version=&#8221;4.24.0&#8243; text_font=&#8221;Montserrat||||||||&#8221; text_text_color=&#8221;#747d88&#8243; text_font_size=&#8221;16px&#8221; text_line_height=&#8221;1.9em&#8221; header_font=&#8221;||||||||&#8221; header_text_align=&#8221;left&#8221; header_2_font=&#8221;Montserrat|700||on|||||&#8221; header_2_font_size=&#8221;42px&#8221; header_2_line_height=&#8221;1.3em&#8221; max_width=&#8221;700px&#8221; module_alignment=&#8221;center&#8221; custom_margin=&#8221;||30px|&#8221; animation_style=&#8221;slide&#8221; animation_direction=&#8221;bottom&#8221; animation_intensity_slide=&#8221;4%&#8221; hover_enabled=&#8221;0&#8243; locked=&#8221;off&#8221; global_colors_info=&#8221;{}&#8221; sticky_enabled=&#8221;0&#8243;]<\/p>\n<h2>At Intersys<\/h2>\n<p>[\/et_pb_text][et_pb_text _builder_version=&#8221;4.24.0&#8243; text_font=&#8221;Montserrat||||&#8221; text_text_color=&#8221;#747d88&#8243; text_font_size=&#8221;16px&#8221; text_line_height=&#8221;1.8em&#8221; header_font=&#8221;||||||||&#8221; max_width=&#8221;700px&#8221; module_alignment=&#8221;center&#8221; custom_margin=&#8221;|||&#8221; custom_padding=&#8221;||20px|&#8221; animation_style=&#8221;slide&#8221; animation_direction=&#8221;bottom&#8221; animation_delay=&#8221;100ms&#8221; animation_intensity_slide=&#8221;4%&#8221; hover_enabled=&#8221;0&#8243; global_colors_info=&#8221;{}&#8221; sticky_enabled=&#8221;0&#8243;]<\/p>\n<p>we are proud to offer high quality and reliable HL7 v2.x and FHIR integration solutions. Our goal is to improve the interoperability of your healthcare systems, allowing you to efficiently access and share data, improve care coordination and provide a better patient experience.<\/p>\n<p>If you are looking for effective and reliable HL7 v2.x and FHIR integrations, look no further. Contact us today and find out how Intersys can help you connect your healthcare systems efficiently and seamlessly.<\/p>\n<p>[\/et_pb_text][\/et_pb_column][\/et_pb_row][\/et_pb_section]<\/p>\n","protected":false},"excerpt":{"rendered":"<p>HL7\/FHIR IntegrationsHL7 v2.x and FHIR integrations:Connecting Your Health Systems Efficiently with Intersys.In an increasingly digital and connected world, the interoperability of healthcare systems is critical to ensure efficiency in healthcare delivery. At Intersys, we specialize in performing HL7 v2.x (Health Level 7) and FHIR (Fast Healthcare Interoperability Resources) integrations to efficiently connect and synchronize your [&hellip;]<\/p>\n","protected":false},"author":1,"featured_media":0,"parent":0,"menu_order":0,"comment_status":"closed","ping_status":"closed","template":"","meta":{"_et_pb_use_builder":"on","_et_pb_old_content":"[et_pb_section fb_built=\"1\" admin_label=\"Hero\" _builder_version=\"4.22.2\" background_color=\"#e7af22\" background_image=\"https:\/\/intersys.site\/wp-content\/uploads\/2023\/09\/circle-background-pattern.png\" custom_padding=\"67px|0px|67.1875px|0px|false|false\" animation_style=\"zoom\" animation_intensity_zoom=\"4%\" global_colors_info=\"{}\"][et_pb_row _builder_version=\"4.16\" custom_padding=\"|||\" animation_style=\"slide\" animation_direction=\"top\" animation_intensity_slide=\"3%\" global_colors_info=\"{}\"][et_pb_column type=\"4_4\" _builder_version=\"4.16\" custom_padding=\"|||\" global_colors_info=\"{}\" custom_padding__hover=\"|||\"][et_pb_text disabled_on=\"on|on|on\" _builder_version=\"4.16\" text_font=\"Montserrat|500||on|||||\" text_text_color=\"#353740\" text_font_size=\"16px\" text_letter_spacing=\"3px\" custom_margin=\"||45px|\" animation_style=\"slide\" animation_direction=\"bottom\" disabled=\"on\" locked=\"off\" global_colors_info=\"{}\"]<p>Web Design<\/p>[\/et_pb_text][et_pb_text _builder_version=\"4.22.2\" text_font=\"||||||||\" header_font=\"Montserrat|700||on|||||\" header_text_color=\"#f7f7f7\" header_font_size=\"60px\" header_line_height=\"1.3em\" custom_margin=\"|||\" animation_style=\"fade\" header_font_size_last_edited=\"off|desktop\" locked=\"off\" global_colors_info=\"{}\"]<h1><span class=\"antiqua\">Integraciones <\/span><br \/><span class=\"antiqua\" style=\"color: #353740;\">HL7\/FHIR<\/span><\/h1>[\/et_pb_text][\/et_pb_column][\/et_pb_row][\/et_pb_section][et_pb_section fb_built=\"1\" admin_label=\"Creative Process Section\" _builder_version=\"4.16\" custom_padding=\"110px||110px|\" global_colors_info=\"{}\"][et_pb_row admin_label=\"Service Section Title\" _builder_version=\"4.16\" custom_margin=\"||40px|\" animation_style=\"fade\" animation_direction=\"top\" saved_tabs=\"all\" locked=\"off\" global_colors_info=\"{}\"][et_pb_column type=\"4_4\" _builder_version=\"4.16\" custom_padding=\"|||\" global_colors_info=\"{}\" custom_padding__hover=\"|||\"][et_pb_text admin_label=\"Title\" _builder_version=\"4.22.2\" text_font=\"Montserrat||||||||\" text_text_color=\"#747d88\" text_font_size=\"16px\" text_line_height=\"1.9em\" header_font=\"||||||||\" header_2_font=\"Montserrat|700||on|||||\" header_2_font_size=\"42px\" header_2_line_height=\"1.3em\" text_orientation=\"center\" module_alignment=\"center\" animation_style=\"slide\" animation_direction=\"bottom\" animation_intensity_slide=\"4%\" global_colors_info=\"{}\"]<h2>Integraciones HL7 v2.x y FHIR:<\/h2>[\/et_pb_text][et_pb_text admin_label=\"Subtitle\" _builder_version=\"4.22.2\" text_font=\"Montserrat||||\" text_text_color=\"#747d88\" text_font_size=\"16px\" text_line_height=\"1.8em\" header_font=\"||||||||\" text_orientation=\"center\" max_width=\"700px\" module_alignment=\"center\" custom_margin=\"|||\" animation_style=\"slide\" animation_direction=\"bottom\" animation_delay=\"100ms\" animation_intensity_slide=\"4%\" global_colors_info=\"{}\"]<p>Conectando tus Sistemas de Salud de forma Eficiente con Intersys.<\/p>[\/et_pb_text][\/et_pb_column][\/et_pb_row][et_pb_row _builder_version=\"4.22.2\" max_width=\"1500px\" global_colors_info=\"{}\"][et_pb_column type=\"4_4\" _builder_version=\"4.16\" custom_padding=\"|||\" global_colors_info=\"{}\" custom_padding__hover=\"|||\"][et_pb_text _builder_version=\"4.22.2\" text_font=\"Montserrat||||\" text_text_color=\"#747d88\" text_font_size=\"16px\" text_line_height=\"1.8em\" animation_style=\"flip\" animation_intensity_flip=\"20%\" global_colors_info=\"{}\"]<p><span>En un mundo cada vez m\u00e1s digital y conectado, la interoperabilidad de los sistemas de salud es fundamental para garantizar la eficiencia en la entrega de atenci\u00f3n m\u00e9dica. En Intersys, nos especializamos en la realizaci\u00f3n de integraciones HL7 v2.x (Health Level 7) y FHIR (Fast Healthcare Interoperability Resources) para conectar y sincronizar tus sistemas de salud de manera eficiente. <\/span><\/p>[\/et_pb_text][et_pb_text _builder_version=\"4.22.2\" text_font=\"Montserrat||||\" text_text_color=\"#747d88\" text_font_size=\"16px\" text_line_height=\"1.8em\" animation_style=\"flip\" animation_intensity_flip=\"20%\" global_colors_info=\"{}\"]<p><span>HL7 v2.x y FHIR son est\u00e1ndares ampliamente utilizados en el intercambio de informaci\u00f3n cl\u00ednica y administrativa entre diferentes sistemas de salud. Estas normas permiten una comunicaci\u00f3n fluida y segura, facilitando el intercambio de datos relevantes, como historias cl\u00ednicas, resultados de laboratorio, im\u00e1genes m\u00e9dicas y m\u00e1s. <\/span><\/p>[\/et_pb_text][et_pb_text _builder_version=\"4.22.2\" text_font=\"Montserrat||||\" text_text_color=\"#747d88\" text_font_size=\"16px\" text_line_height=\"1.8em\" animation_style=\"flip\" animation_intensity_flip=\"20%\" global_colors_info=\"{}\"]<p><span>Nuestro equipo de expertos en integraciones de salud comprende la importancia de una implementaci\u00f3n correcta y personalizada de HL7 v2.x y FHIR para cumplir con tus necesidades espec\u00edficas. Ofrecemos servicios completos de integraci\u00f3n que incluyen:<\/span><\/p>[\/et_pb_text][\/et_pb_column][\/et_pb_row][et_pb_row column_structure=\"1_2,1_2\" _builder_version=\"4.16\" global_colors_info=\"{}\"][et_pb_column type=\"1_2\" _builder_version=\"4.16\" custom_padding=\"|||\" global_colors_info=\"{}\" custom_padding__hover=\"|||\"][et_pb_text _builder_version=\"4.22.2\" text_font=\"Montserrat||||\" text_text_color=\"#747d88\" text_font_size=\"16px\" text_line_height=\"1.8em\" header_font=\"||||||||\" header_4_font=\"Montserrat|600|||||||\" header_4_font_size=\"22px\" animation_style=\"fade\" global_colors_info=\"{}\"]<h4>An\u00e1lisis de requisitos:<\/h4>\r\n<p>Nos reuniremos contigo para comprender tus necesidades y requisitos de integraci\u00f3n. Realizaremos un an\u00e1lisis exhaustivo de tus sistemas actuales y las interfaces necesarias para determinar la mejor soluci\u00f3n de integraci\u00f3n HL7 v2.x y FHIR.<\/p>[\/et_pb_text][et_pb_text _builder_version=\"4.22.2\" text_font=\"Montserrat||||\" text_text_color=\"#747d88\" text_font_size=\"16px\" text_line_height=\"1.8em\" header_font=\"||||||||\" header_4_font=\"Montserrat|600|||||||\" header_4_font_size=\"22px\" animation_style=\"fade\" global_colors_info=\"{}\"]<h4>Desarrollo de interfaces:<\/h4>\r\n<p>Utilizando nuestra experiencia en el desarrollo de software de salud, crearemos interfaces HL7 v2.x y FHIR personalizadas que permitan el intercambio de datos de manera segura y eficiente. Nos aseguraremos de que las interfaces sean compatibles con tus sistemas existentes y cumplan con los est\u00e1ndares y las mejores pr\u00e1cticas.<\/p>[\/et_pb_text][\/et_pb_column][et_pb_column type=\"1_2\" _builder_version=\"4.16\" custom_padding=\"|||\" global_colors_info=\"{}\" custom_padding__hover=\"|||\"][et_pb_text _builder_version=\"4.22.2\" text_font=\"Montserrat||||\" text_text_color=\"#747d88\" text_font_size=\"16px\" text_line_height=\"1.8em\" header_font=\"||||||||\" header_4_font=\"Montserrat|600|||||||\" header_4_font_size=\"22px\" animation_style=\"fade\" global_colors_info=\"{}\"]<h4>Pruebas y validaci\u00f3n:<\/h4>\r\n<p>Realizaremos pruebas rigurosas para garantizar que las interfaces funcionen correctamente y cumplan con los requisitos establecidos. Validaremos la interoperabilidad de tus sistemas y nos aseguraremos de que los datos se transmitan de manera precisa y confiable.<\/p>[\/et_pb_text][et_pb_text _builder_version=\"4.22.2\" text_font=\"Montserrat||||\" text_text_color=\"#747d88\" text_font_size=\"16px\" text_line_height=\"1.8em\" header_font=\"||||||||\" header_4_font=\"Montserrat|600|||||||\" header_4_font_size=\"22px\" animation_style=\"fade\" locked=\"off\" global_colors_info=\"{}\"]<h4>Implementaci\u00f3n y soporte continuo:<\/h4>\r\n<p>Nuestro equipo de expertos te brindar\u00e1 soporte durante la implementaci\u00f3n de las interfaces HL7 v2.x y FHIR, asegur\u00e1ndonos de que el proceso de integraci\u00f3n sea exitoso. Tambi\u00e9n estaremos disponibles para brindarte soporte continuo y realizar cualquier actualizaci\u00f3n o ajuste necesario en el futuro.<\/p>[\/et_pb_text][\/et_pb_column][\/et_pb_row][\/et_pb_section][et_pb_section fb_built=\"1\" admin_label=\"Feature Section 03\" _builder_version=\"4.22.2\" custom_margin=\"||||false|false\" custom_padding=\"0px||50px||false|false\" global_colors_info=\"{}\"][et_pb_row column_structure=\"1_2,1_2\" use_custom_gutter=\"on\" gutter_width=\"1\" admin_label=\"Feature Area\" module_class=\" et_pb_row_fullwidth cont-flex-integraciones-hl7\" _builder_version=\"4.22.2\" width=\"100%\" width_tablet=\"100%\" width_phone=\"100%\" width_last_edited=\"on|desktop\" max_width=\"100%\" max_width_tablet=\"100%\" max_width_phone=\"100%\" max_width_last_edited=\"on|desktop\" custom_padding=\"0px||0px|\" make_fullwidth=\"on\" global_colors_info=\"{}\"][et_pb_column type=\"1_2\" _builder_version=\"4.16\" custom_padding=\"|||\" global_colors_info=\"{}\" custom_padding__hover=\"|||\"][et_pb_image src=\"https:\/\/intersys.site\/wp-content\/uploads\/2023\/09\/hl7fhir.jpg\" title_text=\"hl7fhir\" align=\"right\" align_tablet=\"center\" align_phone=\"center\" align_last_edited=\"on|desktop\" _builder_version=\"4.22.2\" animation_style=\"slide\" animation_direction=\"left\" animation_intensity_slide=\"20%\" animation_starting_opacity=\"100%\" global_colors_info=\"{}\"][\/et_pb_image][\/et_pb_column][et_pb_column type=\"1_2\" _builder_version=\"4.16\" custom_padding=\"5%|5%|5%|5%\" global_colors_info=\"{}\" custom_padding__hover=\"|||\"][et_pb_text admin_label=\"Title\" _builder_version=\"4.22.2\" text_font=\"Montserrat||||||||\" text_text_color=\"#747d88\" text_font_size=\"16px\" text_line_height=\"1.9em\" header_font=\"||||||||\" header_text_align=\"left\" header_2_font=\"Montserrat|700||on|||||\" header_2_font_size=\"42px\" header_2_line_height=\"1.3em\" max_width=\"700px\" module_alignment=\"center\" custom_margin=\"||30px|\" animation_style=\"slide\" animation_direction=\"bottom\" animation_intensity_slide=\"4%\" locked=\"off\" global_colors_info=\"{}\"]<h2>En Intersys<\/h2>[\/et_pb_text][et_pb_text _builder_version=\"4.22.2\" text_font=\"Montserrat||||\" text_text_color=\"#747d88\" text_font_size=\"16px\" text_line_height=\"1.8em\" header_font=\"||||||||\" max_width=\"700px\" module_alignment=\"center\" custom_margin=\"|||\" custom_padding=\"||20px|\" animation_style=\"slide\" animation_direction=\"bottom\" animation_delay=\"100ms\" animation_intensity_slide=\"4%\" global_colors_info=\"{}\"]<p>nos enorgullece ofrecer soluciones de integraci\u00f3n HL7 v2.x y FHIR confiables y de alta calidad. Nuestro objetivo es mejorar la interoperabilidad de tus sistemas de salud, permiti\u00e9ndote acceder y compartir datos de manera eficiente, mejorar la coordinaci\u00f3n de la atenci\u00f3n y brindar una mejor experiencia para los pacientes.<\/p>\r\n<p>Si est\u00e1s buscando realizar integraciones HL7 v2.x y FHIR efectivas y confiables, no busques m\u00e1s. Cont\u00e1ctanos hoy mismo y descubre c\u00f3mo Intersys puede ayudarte a conectar tus sistemas de salud de manera eficiente y sin problemas.<\/p>[\/et_pb_text][\/et_pb_column][\/et_pb_row][\/et_pb_section]","_et_gb_content_width":"","footnotes":""},"class_list":["post-929","page","type-page","status-publish","hentry"],"_links":{"self":[{"href":"https:\/\/intersys.site\/en\/wp-json\/wp\/v2\/pages\/929","targetHints":{"allow":["GET"]}}],"collection":[{"href":"https:\/\/intersys.site\/en\/wp-json\/wp\/v2\/pages"}],"about":[{"href":"https:\/\/intersys.site\/en\/wp-json\/wp\/v2\/types\/page"}],"author":[{"embeddable":true,"href":"https:\/\/intersys.site\/en\/wp-json\/wp\/v2\/users\/1"}],"replies":[{"embeddable":true,"href":"https:\/\/intersys.site\/en\/wp-json\/wp\/v2\/comments?post=929"}],"version-history":[{"count":3,"href":"https:\/\/intersys.site\/en\/wp-json\/wp\/v2\/pages\/929\/revisions"}],"predecessor-version":[{"id":940,"href":"https:\/\/intersys.site\/en\/wp-json\/wp\/v2\/pages\/929\/revisions\/940"}],"wp:attachment":[{"href":"https:\/\/intersys.site\/en\/wp-json\/wp\/v2\/media?parent=929"}],"curies":[{"name":"wp","href":"https:\/\/api.w.org\/{rel}","templated":true}]}}