{"id":890,"date":"2023-09-18T19:50:38","date_gmt":"2023-09-18T17:50:38","guid":{"rendered":"https:\/\/intersys.site\/?page_id=890"},"modified":"2024-02-14T10:28:58","modified_gmt":"2024-02-14T09:28:58","slug":"development-delphi","status":"publish","type":"page","link":"https:\/\/intersys.site\/en\/development-delphi\/","title":{"rendered":"Delphi Development"},"content":{"rendered":"<p>[et_pb_section fb_built=&#8221;1&#8243; admin_label=&#8221;Hero&#8221; _builder_version=&#8221;4.22.2&#8243; background_color=&#8221;#e7af22&#8243; background_image=&#8221;https:\/\/intersys.site\/wp-content\/uploads\/2023\/09\/circle-background-pattern.png&#8221; custom_padding=&#8221;67px|0px|67.1875px|0px|false|false&#8221; animation_style=&#8221;zoom&#8221; animation_intensity_zoom=&#8221;4%&#8221; global_colors_info=&#8221;{}&#8221;][et_pb_row _builder_version=&#8221;4.16&#8243; custom_padding=&#8221;|||&#8221; animation_style=&#8221;slide&#8221; animation_direction=&#8221;top&#8221; animation_intensity_slide=&#8221;3%&#8221; global_colors_info=&#8221;{}&#8221;][et_pb_column type=&#8221;4_4&#8243; _builder_version=&#8221;4.16&#8243; custom_padding=&#8221;|||&#8221; global_colors_info=&#8221;{}&#8221; custom_padding__hover=&#8221;|||&#8221;][et_pb_text _builder_version=&#8221;4.24.0&#8243; text_font=&#8221;||||||||&#8221; header_font=&#8221;Montserrat|700||on|||||&#8221; header_text_color=&#8221;#f7f7f7&#8243; header_font_size=&#8221;60px&#8221; header_line_height=&#8221;1.3em&#8221; custom_margin=&#8221;|||&#8221; animation_style=&#8221;fade&#8221; header_font_size_last_edited=&#8221;off|desktop&#8221; locked=&#8221;off&#8221; global_colors_info=&#8221;{}&#8221;]<\/p>\n<h1><span class=\"antiqua\">DELPHI<\/span><br \/><span class=\"antiqua\" style=\"color: #353740;\"> DEVELOPMENT <\/span><\/h1>\n<p>[\/et_pb_text][\/et_pb_column][\/et_pb_row][\/et_pb_section][et_pb_section fb_built=&#8221;1&#8243; admin_label=&#8221;Creative Process Section&#8221; _builder_version=&#8221;4.16&#8243; custom_padding=&#8221;110px||110px|&#8221; global_colors_info=&#8221;{}&#8221;][et_pb_row admin_label=&#8221;Service Section Title&#8221; _builder_version=&#8221;4.16&#8243; custom_margin=&#8221;||40px|&#8221; animation_style=&#8221;fade&#8221; animation_direction=&#8221;top&#8221; saved_tabs=&#8221;all&#8221; locked=&#8221;off&#8221; global_colors_info=&#8221;{}&#8221;][et_pb_column type=&#8221;4_4&#8243; _builder_version=&#8221;4.16&#8243; custom_padding=&#8221;|||&#8221; global_colors_info=&#8221;{}&#8221; custom_padding__hover=&#8221;|||&#8221;][et_pb_text admin_label=&#8221;Title&#8221; _builder_version=&#8221;4.24.0&#8243; text_font=&#8221;Montserrat||||||||&#8221; text_text_color=&#8221;#747d88&#8243; text_font_size=&#8221;16px&#8221; text_line_height=&#8221;1.9em&#8221; header_font=&#8221;||||||||&#8221; header_2_font=&#8221;Montserrat|700||on|||||&#8221; header_2_font_size=&#8221;42px&#8221; header_2_line_height=&#8221;1.3em&#8221; text_orientation=&#8221;center&#8221; module_alignment=&#8221;center&#8221; animation_style=&#8221;slide&#8221; animation_direction=&#8221;bottom&#8221; animation_intensity_slide=&#8221;4%&#8221; global_colors_info=&#8221;{}&#8221;]<\/p>\n<h2>Delphi Development<\/h2>\n<p>[\/et_pb_text][et_pb_text admin_label=&#8221;Subtitle&#8221; _builder_version=&#8221;4.24.0&#8243; text_font=&#8221;Montserrat||||&#8221; text_text_color=&#8221;#747d88&#8243; text_font_size=&#8221;16px&#8221; text_line_height=&#8221;1.8em&#8221; header_font=&#8221;||||||||&#8221; text_orientation=&#8221;center&#8221; max_width=&#8221;700px&#8221; module_alignment=&#8221;center&#8221; custom_margin=&#8221;|||&#8221; animation_style=&#8221;slide&#8221; animation_direction=&#8221;bottom&#8221; animation_delay=&#8221;100ms&#8221; animation_intensity_slide=&#8221;4%&#8221; global_colors_info=&#8221;{}&#8221;]<\/p>\n<p>Creating High Performance and Efficient Applications.<\/p>\n<p>[\/et_pb_text][\/et_pb_column][\/et_pb_row][et_pb_row _builder_version=&#8221;4.22.2&#8243; max_width=&#8221;1500px&#8221; global_colors_info=&#8221;{}&#8221;][et_pb_column type=&#8221;4_4&#8243; _builder_version=&#8221;4.16&#8243; custom_padding=&#8221;|||&#8221; global_colors_info=&#8221;{}&#8221; custom_padding__hover=&#8221;|||&#8221;][et_pb_text _builder_version=&#8221;4.24.0&#8243; text_font=&#8221;Montserrat||||&#8221; text_text_color=&#8221;#747d88&#8243; text_font_size=&#8221;16px&#8221; text_line_height=&#8221;1.8em&#8221; animation_style=&#8221;flip&#8221; animation_intensity_flip=&#8221;20%&#8221; global_colors_info=&#8221;{}&#8221;]<\/p>\n<p><span>At Intersys, we are proud to offer Delphi software solutions that span all versions, from classic Delphi 7 , to meet the specific needs of your company. Our vast experience allows us to adapt to the particularities of your business, no matter what version of Delphi you are using. <\/span><\/p>\n<p>[\/et_pb_text][et_pb_text _builder_version=&#8221;4.24.0&#8243; text_font=&#8221;Montserrat||||&#8221; text_text_color=&#8221;#747d88&#8243; text_font_size=&#8221;16px&#8221; text_line_height=&#8221;1.8em&#8221; animation_style=&#8221;flip&#8221; animation_intensity_flip=&#8221;20%&#8221; global_colors_info=&#8221;{}&#8221;]<\/p>\n<p><span>Our Delphi development services include: <\/span><\/p>\n<p>[\/et_pb_text][\/et_pb_column][\/et_pb_row][et_pb_row column_structure=&#8221;1_2,1_2&#8243; _builder_version=&#8221;4.16&#8243; global_colors_info=&#8221;{}&#8221;][et_pb_column type=&#8221;1_2&#8243; _builder_version=&#8221;4.16&#8243; custom_padding=&#8221;|||&#8221; global_colors_info=&#8221;{}&#8221; custom_padding__hover=&#8221;|||&#8221;][et_pb_text _builder_version=&#8221;4.24.0&#8243; text_font=&#8221;Montserrat||||&#8221; text_text_color=&#8221;#747d88&#8243; text_font_size=&#8221;16px&#8221; text_line_height=&#8221;1.8em&#8221; header_font=&#8221;||||||||&#8221; header_4_font=&#8221;Montserrat|600|||||||&#8221; header_4_font_size=&#8221;22px&#8221; animation_style=&#8221;fade&#8221; global_colors_info=&#8221;{}&#8221;]- Custom Application Development: We create custom applications that fit your business needs, taking advantage of the latest Delphi features or ensuring backward compatibility with previous versions, depending on your requirements.[\/et_pb_text][\/et_pb_column][et_pb_column type=&#8221;1_2&#8243; _builder_version=&#8221;4.16&#8243; custom_padding=&#8221;|||&#8221; global_colors_info=&#8221;{}&#8221; custom_padding__hover=&#8221;|||&#8221;][et_pb_text _builder_version=&#8221;4.24.0&#8243; text_font=&#8221;Montserrat||||&#8221; text_text_color=&#8221;#747d88&#8243; text_font_size=&#8221;16px&#8221; text_line_height=&#8221;1.8em&#8221; header_font=&#8221;||||||||&#8221; header_4_font=&#8221;Montserrat|600|||||||&#8221; header_4_font_size=&#8221;22px&#8221; animation_style=&#8221;fade&#8221; global_colors_info=&#8221;{}&#8221;]<\/p>\n<p>&#8211; Migration and Upgrade: If you are using an older version of Delphi and are considering an upgrade, we are here to help you effectively migrate your applications and data to the latest versions.<\/p>\n<p>[\/et_pb_text][\/et_pb_column][\/et_pb_row][et_pb_row column_structure=&#8221;1_2,1_2&#8243; _builder_version=&#8221;4.16&#8243; global_colors_info=&#8221;{}&#8221;][et_pb_column type=&#8221;1_2&#8243; _builder_version=&#8221;4.16&#8243; custom_padding=&#8221;|||&#8221; global_colors_info=&#8221;{}&#8221; custom_padding__hover=&#8221;|||&#8221;][et_pb_text _builder_version=&#8221;4.24.0&#8243; text_font=&#8221;Montserrat||||&#8221; text_text_color=&#8221;#747d88&#8243; text_font_size=&#8221;16px&#8221; text_line_height=&#8221;1.8em&#8221; header_font=&#8221;||||||||&#8221; header_4_font=&#8221;Montserrat|600|||||||&#8221; header_4_font_size=&#8221;22px&#8221; animation_style=&#8221;fade&#8221; global_colors_info=&#8221;{}&#8221;]<\/p>\n<p>&#8211; Performance Optimization: Whatever version of Delphi you use, we work on optimizing your application to achieve the best possible performance and efficiency.<\/p>\n<p>[\/et_pb_text][\/et_pb_column][et_pb_column type=&#8221;1_2&#8243; _builder_version=&#8221;4.16&#8243; custom_padding=&#8221;|||&#8221; global_colors_info=&#8221;{}&#8221; custom_padding__hover=&#8221;|||&#8221;][et_pb_text _builder_version=&#8221;4.24.0&#8243; text_font=&#8221;Montserrat||||&#8221; text_text_color=&#8221;#747d88&#8243; text_font_size=&#8221;16px&#8221; text_line_height=&#8221;1.8em&#8221; header_font=&#8221;||||||||&#8221; header_4_font=&#8221;Montserrat|600|||||||&#8221; header_4_font_size=&#8221;22px&#8221; animation_style=&#8221;fade&#8221; locked=&#8221;off&#8221; global_colors_info=&#8221;{}&#8221;]<\/p>\n<p>&#8211; Systems Integration: With many years of Delphi experience, we can integrate your existing systems with new solutions, regardless of version, to improve productivity and collaboration in your business.<\/p>\n<p>[\/et_pb_text][\/et_pb_column][\/et_pb_row][et_pb_row column_structure=&#8221;1_2,1_2&#8243; _builder_version=&#8221;4.16&#8243; global_colors_info=&#8221;{}&#8221;][et_pb_column type=&#8221;1_2&#8243; _builder_version=&#8221;4.16&#8243; custom_padding=&#8221;|||&#8221; global_colors_info=&#8221;{}&#8221; custom_padding__hover=&#8221;|||&#8221;][et_pb_text _builder_version=&#8221;4.24.0&#8243; text_font=&#8221;Montserrat||||&#8221; text_text_color=&#8221;#747d88&#8243; text_font_size=&#8221;16px&#8221; text_line_height=&#8221;1.8em&#8221; header_font=&#8221;||||||||&#8221; header_4_font=&#8221;Montserrat|600|||||||&#8221; header_4_font_size=&#8221;22px&#8221; animation_style=&#8221;fade&#8221; hover_enabled=&#8221;0&#8243; global_colors_info=&#8221;{}&#8221; sticky_enabled=&#8221;0&#8243;]<\/p>\n<p>&#8211; Cross-platform development: Whether you are interested in development for Windows, Linux, macOS, iOS or Android, our expertise spans a wide range of platforms and Delphi versions.<\/p>\n<p>[\/et_pb_text][\/et_pb_column][et_pb_column type=&#8221;1_2&#8243; _builder_version=&#8221;4.16&#8243; custom_padding=&#8221;|||&#8221; global_colors_info=&#8221;{}&#8221; custom_padding__hover=&#8221;|||&#8221;][et_pb_text _builder_version=&#8221;4.24.0&#8243; text_font=&#8221;Montserrat||||&#8221; text_text_color=&#8221;#747d88&#8243; text_font_size=&#8221;16px&#8221; text_line_height=&#8221;1.8em&#8221; header_font=&#8221;||||||||&#8221; header_4_font=&#8221;Montserrat|600|||||||&#8221; header_4_font_size=&#8221;22px&#8221; animation_style=&#8221;fade&#8221; hover_enabled=&#8221;0&#8243; locked=&#8221;off&#8221; global_colors_info=&#8221;{}&#8221; sticky_enabled=&#8221;0&#8243;]<\/p>\n<p>&#8211; Our team of highly skilled developers prides itself on keeping up to date with the latest Delphi features and trends.<br \/>\nWe are committed to providing you with solutions that perfectly fit your business needs, no matter which version you use.<\/p>\n<p>[\/et_pb_text][\/et_pb_column][\/et_pb_row][\/et_pb_section][et_pb_section fb_built=&#8221;1&#8243; admin_label=&#8221;Feature Section 03&#8243; _builder_version=&#8221;4.22.2&#8243; custom_margin=&#8221;||||false|false&#8221; custom_padding=&#8221;0px||50px||false|false&#8221; global_colors_info=&#8221;{}&#8221;][et_pb_row column_structure=&#8221;1_2,1_2&#8243; use_custom_gutter=&#8221;on&#8221; gutter_width=&#8221;1&#8243; admin_label=&#8221;Feature Area&#8221; module_class=&#8221; et_pb_row_fullwidth cont-flex-integraciones-hl7&#8243; _builder_version=&#8221;4.22.2&#8243; width=&#8221;100%&#8221; width_tablet=&#8221;100%&#8221; width_phone=&#8221;100%&#8221; width_last_edited=&#8221;on|desktop&#8221; max_width=&#8221;100%&#8221; max_width_tablet=&#8221;100%&#8221; max_width_phone=&#8221;100%&#8221; max_width_last_edited=&#8221;on|desktop&#8221; custom_padding=&#8221;0px||0px|&#8221; make_fullwidth=&#8221;on&#8221; global_colors_info=&#8221;{}&#8221;][et_pb_column type=&#8221;1_2&#8243; _builder_version=&#8221;4.16&#8243; custom_padding=&#8221;|||&#8221; global_colors_info=&#8221;{}&#8221; custom_padding__hover=&#8221;|||&#8221;][et_pb_image src=&#8221;https:\/\/intersys.site\/wp-content\/uploads\/2023\/10\/desarrollo-delphi-300&#215;300.jpg&#8221; title_text=&#8221;desarrollo-delphi&#8221; align=&#8221;center&#8221; align_tablet=&#8221;center&#8221; align_phone=&#8221;center&#8221; align_last_edited=&#8221;on|desktop&#8221; _builder_version=&#8221;4.24.0&#8243; animation_style=&#8221;slide&#8221; animation_direction=&#8221;left&#8221; animation_intensity_slide=&#8221;20%&#8221; animation_starting_opacity=&#8221;100%&#8221; hover_enabled=&#8221;0&#8243; global_colors_info=&#8221;{}&#8221; sticky_enabled=&#8221;0&#8243;][\/et_pb_image][\/et_pb_column][et_pb_column type=&#8221;1_2&#8243; _builder_version=&#8221;4.16&#8243; custom_padding=&#8221;5%|5%|5%|5%&#8221; global_colors_info=&#8221;{}&#8221; custom_padding__hover=&#8221;|||&#8221;][et_pb_text admin_label=&#8221;Title&#8221; _builder_version=&#8221;4.24.0&#8243; text_font=&#8221;Montserrat||||||||&#8221; text_text_color=&#8221;#747d88&#8243; text_font_size=&#8221;16px&#8221; text_line_height=&#8221;1.9em&#8221; header_font=&#8221;||||||||&#8221; header_text_align=&#8221;left&#8221; header_2_font=&#8221;Montserrat|700||on|||||&#8221; header_2_font_size=&#8221;42px&#8221; header_2_line_height=&#8221;1.3em&#8221; max_width=&#8221;700px&#8221; module_alignment=&#8221;center&#8221; custom_margin=&#8221;||30px|&#8221; animation_style=&#8221;slide&#8221; animation_direction=&#8221;bottom&#8221; animation_intensity_slide=&#8221;4%&#8221; hover_enabled=&#8221;0&#8243; locked=&#8221;off&#8221; global_colors_info=&#8221;{}&#8221; sticky_enabled=&#8221;0&#8243;]<\/p>\n<h2>At Intersys<\/h2>\n<p>[\/et_pb_text][et_pb_text _builder_version=&#8221;4.24.0&#8243; text_font=&#8221;Montserrat||||&#8221; text_text_color=&#8221;#747d88&#8243; text_font_size=&#8221;16px&#8221; text_line_height=&#8221;1.8em&#8221; header_font=&#8221;||||||||&#8221; max_width=&#8221;700px&#8221; module_alignment=&#8221;center&#8221; custom_margin=&#8221;|||&#8221; custom_padding=&#8221;||20px|&#8221; animation_style=&#8221;slide&#8221; animation_direction=&#8221;bottom&#8221; animation_delay=&#8221;100ms&#8221; animation_intensity_slide=&#8221;4%&#8221; hover_enabled=&#8221;0&#8243; global_colors_info=&#8221;{}&#8221; sticky_enabled=&#8221;0&#8243;]<\/p>\n<p>your success is our priority. Contact us today to discuss how we can help your company get the most out of Delphi and achieve greater success in your software development projects.<br \/>\nWe look forward to working with you and your company!<\/p>\n<p>[\/et_pb_text][\/et_pb_column][\/et_pb_row][\/et_pb_section]<\/p>\n","protected":false},"excerpt":{"rendered":"<p>DELPHI DEVELOPMENT Delphi DevelopmentCreating High Performance and Efficient Applications.At Intersys, we are proud to offer Delphi software solutions that span all versions, from classic Delphi 7 , to meet the specific needs of your company. Our vast experience allows us to adapt to the particularities of your business, no matter what version of Delphi you [&hellip;]<\/p>\n","protected":false},"author":1,"featured_media":0,"parent":0,"menu_order":0,"comment_status":"closed","ping_status":"closed","template":"","meta":{"_et_pb_use_builder":"on","_et_pb_old_content":"[et_pb_section fb_built=\"1\" admin_label=\"Hero\" _builder_version=\"4.22.2\" background_color=\"#e7af22\" background_image=\"https:\/\/intersys.site\/wp-content\/uploads\/2023\/09\/circle-background-pattern.png\" custom_padding=\"67px|0px|67.1875px|0px|false|false\" animation_style=\"zoom\" animation_intensity_zoom=\"4%\" global_colors_info=\"{}\"][et_pb_row _builder_version=\"4.16\" custom_padding=\"|||\" animation_style=\"slide\" animation_direction=\"top\" animation_intensity_slide=\"3%\" global_colors_info=\"{}\"][et_pb_column type=\"4_4\" _builder_version=\"4.16\" custom_padding=\"|||\" global_colors_info=\"{}\" custom_padding__hover=\"|||\"][et_pb_text _builder_version=\"4.22.2\" text_font=\"||||||||\" header_font=\"Montserrat|700||on|||||\" header_text_color=\"#f7f7f7\" header_font_size=\"60px\" header_line_height=\"1.3em\" custom_margin=\"|||\" animation_style=\"fade\" header_font_size_last_edited=\"off|desktop\" locked=\"off\" global_colors_info=\"{}\"]<h1><span class=\"antiqua\">Desarrollo <\/span><br \/><span class=\"antiqua\" style=\"color: #353740;\">DELPHI<\/span><\/h1>[\/et_pb_text][\/et_pb_column][\/et_pb_row][\/et_pb_section][et_pb_section fb_built=\"1\" admin_label=\"Creative Process Section\" _builder_version=\"4.16\" custom_padding=\"110px||110px|\" global_colors_info=\"{}\"][et_pb_row admin_label=\"Service Section Title\" _builder_version=\"4.16\" custom_margin=\"||40px|\" animation_style=\"fade\" animation_direction=\"top\" saved_tabs=\"all\" locked=\"off\" global_colors_info=\"{}\"][et_pb_column type=\"4_4\" _builder_version=\"4.16\" custom_padding=\"|||\" global_colors_info=\"{}\" custom_padding__hover=\"|||\"][et_pb_text admin_label=\"Title\" _builder_version=\"4.22.2\" text_font=\"Montserrat||||||||\" text_text_color=\"#747d88\" text_font_size=\"16px\" text_line_height=\"1.9em\" header_font=\"||||||||\" header_2_font=\"Montserrat|700||on|||||\" header_2_font_size=\"42px\" header_2_line_height=\"1.3em\" text_orientation=\"center\" module_alignment=\"center\" animation_style=\"slide\" animation_direction=\"bottom\" animation_intensity_slide=\"4%\" global_colors_info=\"{}\"]<h2>Desarrollo Delphi<\/h2>[\/et_pb_text][et_pb_text admin_label=\"Subtitle\" _builder_version=\"4.22.2\" text_font=\"Montserrat||||\" text_text_color=\"#747d88\" text_font_size=\"16px\" text_line_height=\"1.8em\" header_font=\"||||||||\" text_orientation=\"center\" max_width=\"700px\" module_alignment=\"center\" custom_margin=\"|||\" animation_style=\"slide\" animation_direction=\"bottom\" animation_delay=\"100ms\" animation_intensity_slide=\"4%\" global_colors_info=\"{}\"]<p>Creando Aplicaciones de Alto Rendimiento y Eficiencia.<\/p>[\/et_pb_text][\/et_pb_column][\/et_pb_row][et_pb_row _builder_version=\"4.22.2\" max_width=\"1500px\" global_colors_info=\"{}\"][et_pb_column type=\"4_4\" _builder_version=\"4.16\" custom_padding=\"|||\" global_colors_info=\"{}\" custom_padding__hover=\"|||\"][et_pb_text _builder_version=\"4.22.2\" text_font=\"Montserrat||||\" text_text_color=\"#747d88\" text_font_size=\"16px\" text_line_height=\"1.8em\" animation_style=\"flip\" animation_intensity_flip=\"20%\" global_colors_info=\"{}\"]<p><span>En Intersys, nos enorgullece ofrecer soluciones de software Delphi que abarcan todas las versiones, desde la cl\u00e1sica Delphi 7 , \r\npara satisfacer las necesidades espec\u00edficas de su empresa. Nuestra vasta experiencia nos permite adaptarnos a las particularidades de su negocio, sin importar la versi\u00f3n de Delphi que est\u00e9 utilizando. <\/span><\/p>[\/et_pb_text][et_pb_text _builder_version=\"4.22.2\" text_font=\"Montserrat||||\" text_text_color=\"#747d88\" text_font_size=\"16px\" text_line_height=\"1.8em\" animation_style=\"flip\" animation_intensity_flip=\"20%\" global_colors_info=\"{}\"]<p><span>Nuestros servicios de desarrollo Delphi incluyen: <\/span><\/p>[\/et_pb_text][\/et_pb_column][\/et_pb_row][et_pb_row column_structure=\"1_2,1_2\" _builder_version=\"4.16\" global_colors_info=\"{}\"][et_pb_column type=\"1_2\" _builder_version=\"4.16\" custom_padding=\"|||\" global_colors_info=\"{}\" custom_padding__hover=\"|||\"][et_pb_text _builder_version=\"4.22.2\" text_font=\"Montserrat||||\" text_text_color=\"#747d88\" text_font_size=\"16px\" text_line_height=\"1.8em\" header_font=\"||||||||\" header_4_font=\"Montserrat|600|||||||\" header_4_font_size=\"22px\" animation_style=\"fade\" global_colors_info=\"{}\"]<p>- Desarrollo de Aplicaciones Personalizadas: Creamos aplicaciones a medida que se ajustan a sus necesidades empresariales, aprovechando las caracter\u00edsticas m\u00e1s recientes de Delphi o garantizando la compatibilidad con las versiones anteriores, seg\u00fan sus requisitos.<\/p>[\/et_pb_text][\/et_pb_column][et_pb_column type=\"1_2\" _builder_version=\"4.16\" custom_padding=\"|||\" global_colors_info=\"{}\" custom_padding__hover=\"|||\"][et_pb_text _builder_version=\"4.22.2\" text_font=\"Montserrat||||\" text_text_color=\"#747d88\" text_font_size=\"16px\" text_line_height=\"1.8em\" header_font=\"||||||||\" header_4_font=\"Montserrat|600|||||||\" header_4_font_size=\"22px\" animation_style=\"fade\" global_colors_info=\"{}\"]<p>- Migraci\u00f3n y Actualizaci\u00f3n: Si est\u00e1 utilizando una versi\u00f3n anterior de Delphi y est\u00e1 considerando una actualizaci\u00f3n, estamos aqu\u00ed para ayudarlo a migrar sus aplicaciones y datos de manera efectiva a las versiones m\u00e1s recientes.<\/p>[\/et_pb_text][\/et_pb_column][\/et_pb_row][et_pb_row column_structure=\"1_2,1_2\" _builder_version=\"4.16\" global_colors_info=\"{}\"][et_pb_column type=\"1_2\" _builder_version=\"4.16\" custom_padding=\"|||\" global_colors_info=\"{}\" custom_padding__hover=\"|||\"][et_pb_text _builder_version=\"4.22.2\" text_font=\"Montserrat||||\" text_text_color=\"#747d88\" text_font_size=\"16px\" text_line_height=\"1.8em\" header_font=\"||||||||\" header_4_font=\"Montserrat|600|||||||\" header_4_font_size=\"22px\" animation_style=\"fade\" global_colors_info=\"{}\"]<p>- Optimizaci\u00f3n de Rendimiento: Sea cual sea la versi\u00f3n de Delphi que utilice, trabajamos en la optimizaci\u00f3n de su aplicaci\u00f3n para lograr el mejor rendimiento y eficiencia posibles.<\/p>[\/et_pb_text][\/et_pb_column][et_pb_column type=\"1_2\" _builder_version=\"4.16\" custom_padding=\"|||\" global_colors_info=\"{}\" custom_padding__hover=\"|||\"][et_pb_text _builder_version=\"4.22.2\" text_font=\"Montserrat||||\" text_text_color=\"#747d88\" text_font_size=\"16px\" text_line_height=\"1.8em\" header_font=\"||||||||\" header_4_font=\"Montserrat|600|||||||\" header_4_font_size=\"22px\" animation_style=\"fade\" locked=\"off\" global_colors_info=\"{}\"]<p>- Integraci\u00f3n de Sistemas: Con experiencia en Delphi desde hace muchos a\u00f1os, podemos integrar sus sistemas existentes con nuevas soluciones, independientemente de la versi\u00f3n, para mejorar la productividad y la colaboraci\u00f3n en su empresa.<\/p>[\/et_pb_text][\/et_pb_column][\/et_pb_row][et_pb_row column_structure=\"1_2,1_2\" _builder_version=\"4.16\" global_colors_info=\"{}\"][et_pb_column type=\"1_2\" _builder_version=\"4.16\" custom_padding=\"|||\" global_colors_info=\"{}\" custom_padding__hover=\"|||\"][et_pb_text _builder_version=\"4.22.2\" text_font=\"Montserrat||||\" text_text_color=\"#747d88\" text_font_size=\"16px\" text_line_height=\"1.8em\" header_font=\"||||||||\" header_4_font=\"Montserrat|600|||||||\" header_4_font_size=\"22px\" animation_style=\"fade\" global_colors_info=\"{}\"]<p>- Desarrollo Multiplataforma: Ya sea que est\u00e9 interesado en el desarrollo para Windows, Linux, macOS, iOS \u00f3 Android, nuestra experiencia abarca una amplia gama de plataformas y versiones de Delphi.<\/p>[\/et_pb_text][\/et_pb_column][et_pb_column type=\"1_2\" _builder_version=\"4.16\" custom_padding=\"|||\" global_colors_info=\"{}\" custom_padding__hover=\"|||\"][et_pb_text _builder_version=\"4.22.2\" text_font=\"Montserrat||||\" text_text_color=\"#747d88\" text_font_size=\"16px\" text_line_height=\"1.8em\" header_font=\"||||||||\" header_4_font=\"Montserrat|600|||||||\" header_4_font_size=\"22px\" animation_style=\"fade\" locked=\"off\" global_colors_info=\"{}\"]<p>- Nuestro equipo de desarrolladores altamente capacitados se enorgullece de mantenerse actualizado con las \u00faltimas caracter\u00edsticas y tendencias de Delphi. \r\nEstamos comprometidos a brindarle soluciones que se ajusten perfectamente a sus necesidades empresariales, sin importar la versi\u00f3n que utilice.<\/p>[\/et_pb_text][\/et_pb_column][\/et_pb_row][\/et_pb_section][et_pb_section fb_built=\"1\" admin_label=\"Feature Section 03\" _builder_version=\"4.22.2\" custom_margin=\"||||false|false\" custom_padding=\"0px||50px||false|false\" global_colors_info=\"{}\"][et_pb_row column_structure=\"1_2,1_2\" use_custom_gutter=\"on\" gutter_width=\"1\" admin_label=\"Feature Area\" module_class=\" et_pb_row_fullwidth cont-flex-integraciones-hl7\" _builder_version=\"4.22.2\" width=\"100%\" width_tablet=\"100%\" width_phone=\"100%\" width_last_edited=\"on|desktop\" max_width=\"100%\" max_width_tablet=\"100%\" max_width_phone=\"100%\" max_width_last_edited=\"on|desktop\" custom_padding=\"0px||0px|\" make_fullwidth=\"on\" global_colors_info=\"{}\"][et_pb_column type=\"1_2\" _builder_version=\"4.16\" custom_padding=\"|||\" global_colors_info=\"{}\" custom_padding__hover=\"|||\"][et_pb_image src=\"https:\/\/intersys.site\/wp-content\/uploads\/2023\/10\/desarrollo-delphi-300x300.jpg\" title_text=\"desarrollo-delphi\" align=\"center\" align_tablet=\"center\" align_phone=\"center\" align_last_edited=\"on|desktop\" _builder_version=\"4.23.1\" animation_style=\"slide\" animation_direction=\"left\" animation_intensity_slide=\"20%\" animation_starting_opacity=\"100%\" hover_enabled=\"0\" global_colors_info=\"{}\" sticky_enabled=\"0\"][\/et_pb_image][\/et_pb_column][et_pb_column type=\"1_2\" _builder_version=\"4.16\" custom_padding=\"5%|5%|5%|5%\" global_colors_info=\"{}\" custom_padding__hover=\"|||\"][et_pb_text admin_label=\"Title\" _builder_version=\"4.22.2\" text_font=\"Montserrat||||||||\" text_text_color=\"#747d88\" text_font_size=\"16px\" text_line_height=\"1.9em\" header_font=\"||||||||\" header_text_align=\"left\" header_2_font=\"Montserrat|700||on|||||\" header_2_font_size=\"42px\" header_2_line_height=\"1.3em\" max_width=\"700px\" module_alignment=\"center\" custom_margin=\"||30px|\" animation_style=\"slide\" animation_direction=\"bottom\" animation_intensity_slide=\"4%\" locked=\"off\" global_colors_info=\"{}\"]<h2>En Intersys<\/h2>[\/et_pb_text][et_pb_text _builder_version=\"4.22.2\" text_font=\"Montserrat||||\" text_text_color=\"#747d88\" text_font_size=\"16px\" text_line_height=\"1.8em\" header_font=\"||||||||\" max_width=\"700px\" module_alignment=\"center\" custom_margin=\"|||\" custom_padding=\"||20px|\" animation_style=\"slide\" animation_direction=\"bottom\" animation_delay=\"100ms\" animation_intensity_slide=\"4%\" global_colors_info=\"{}\"]<p>su \u00e9xito es nuestra prioridad. Cont\u00e1ctenos hoy para discutir c\u00f3mo podemos ayudar a su empresa a aprovechar al m\u00e1ximo Delphi  y lograr un mayor \u00e9xito en sus proyectos de desarrollo de software. \r\n\u00a1Esperamos colaborar con usted y su empresa!<\/p>[\/et_pb_text][\/et_pb_column][\/et_pb_row][\/et_pb_section]","_et_gb_content_width":"","footnotes":""},"class_list":["post-890","page","type-page","status-publish","hentry"],"_links":{"self":[{"href":"https:\/\/intersys.site\/en\/wp-json\/wp\/v2\/pages\/890","targetHints":{"allow":["GET"]}}],"collection":[{"href":"https:\/\/intersys.site\/en\/wp-json\/wp\/v2\/pages"}],"about":[{"href":"https:\/\/intersys.site\/en\/wp-json\/wp\/v2\/types\/page"}],"author":[{"embeddable":true,"href":"https:\/\/intersys.site\/en\/wp-json\/wp\/v2\/users\/1"}],"replies":[{"embeddable":true,"href":"https:\/\/intersys.site\/en\/wp-json\/wp\/v2\/comments?post=890"}],"version-history":[{"count":6,"href":"https:\/\/intersys.site\/en\/wp-json\/wp\/v2\/pages\/890\/revisions"}],"predecessor-version":[{"id":901,"href":"https:\/\/intersys.site\/en\/wp-json\/wp\/v2\/pages\/890\/revisions\/901"}],"wp:attachment":[{"href":"https:\/\/intersys.site\/en\/wp-json\/wp\/v2\/media?parent=890"}],"curies":[{"name":"wp","href":"https:\/\/api.w.org\/{rel}","templated":true}]}}