{"id":871,"date":"2023-09-15T13:07:58","date_gmt":"2023-09-15T11:07:58","guid":{"rendered":"https:\/\/intersys.site\/?page_id=871"},"modified":"2024-02-14T12:04:22","modified_gmt":"2024-02-14T11:04:22","slug":"cookie-policy","status":"publish","type":"page","link":"https:\/\/intersys.site\/en\/cookie-policy\/","title":{"rendered":"Cookie Policy"},"content":{"rendered":"<p>[et_pb_section fb_built=&#8221;1&#8243; admin_label=&#8221;Hero&#8221; _builder_version=&#8221;4.22.1&#8243; background_color=&#8221;#e7af22&#8243; background_image=&#8221;https:\/\/intersys.site\/wp-content\/uploads\/2023\/09\/circle-background-pattern.png&#8221; custom_padding=&#8221;67px|0px|67.1875px|0px|false|false&#8221; animation_style=&#8221;zoom&#8221; animation_intensity_zoom=&#8221;4%&#8221; global_colors_info=&#8221;{}&#8221;][et_pb_row _builder_version=&#8221;4.16&#8243; custom_padding=&#8221;|||&#8221; animation_style=&#8221;slide&#8221; animation_direction=&#8221;top&#8221; animation_intensity_slide=&#8221;3%&#8221; global_colors_info=&#8221;{}&#8221;][et_pb_column type=&#8221;4_4&#8243; _builder_version=&#8221;4.16&#8243; custom_padding=&#8221;|||&#8221; global_colors_info=&#8221;{}&#8221; custom_padding__hover=&#8221;|||&#8221;][et_pb_text _builder_version=&#8221;4.24.0&#8243; text_font=&#8221;||||||||&#8221; header_font=&#8221;Montserrat|700||on|||||&#8221; header_text_color=&#8221;#f7f7f7&#8243; header_font_size=&#8221;60px&#8221; header_line_height=&#8221;1.3em&#8221; custom_margin=&#8221;|||&#8221; animation_style=&#8221;fade&#8221; hover_enabled=&#8221;0&#8243; header_font_size_last_edited=&#8221;off|desktop&#8221; locked=&#8221;off&#8221; global_colors_info=&#8221;{}&#8221; sticky_enabled=&#8221;0&#8243;]<\/p>\n<h1><span class=\"antiqua\">COOKIES<\/span><br \/><span class=\"antiqua\" style=\"color: #353740;\">POLICY<\/span><\/span><\/h1>\n<p>[\/et_pb_text][\/et_pb_column][\/et_pb_row][\/et_pb_section][et_pb_section fb_built=&#8221;1&#8243; _builder_version=&#8221;4.22.2&#8243; _module_preset=&#8221;default&#8221; global_colors_info=&#8221;{}&#8221;][et_pb_row _builder_version=&#8221;4.22.2&#8243; _module_preset=&#8221;default&#8221; global_colors_info=&#8221;{}&#8221;][et_pb_column type=&#8221;4_4&#8243; _builder_version=&#8221;4.22.2&#8243; _module_preset=&#8221;default&#8221; global_colors_info=&#8221;{}&#8221;][et_pb_text _builder_version=&#8221;4.24.0&#8243; _module_preset=&#8221;default&#8221; global_colors_info=&#8221;{}&#8221;]<\/p>\n<h2>What are cookies?<\/h2>\n<p>In English, the term &#8220;cookie&#8221; means cookie, but in the field of web browsing, a &#8220;cookie&#8221; is something completely different. When you access our Web Site, a small amount of text is stored on your device&#8217;s browser called a &#8220;cookie&#8221;. This text contains a variety of information about your browsing habits, preferences, content customization, etc&#8230;<\/p>\n<p>There are other technologies that work in a similar way and are also used to collect data about your browsing activity. We will call &#8220;cookies&#8221; to all these technologies as a whole.<\/p>\n<p>The specific uses we make of these technologies are described in this document.<\/p>\n<h2>What are cookies used for on this website?<\/h2>\n<p>Cookies are an essential part of how the Website works. The main purpose of our cookies is to improve your browsing experience. For example, to remember your preferences (language, country, etc.) during navigation and on future visits. The information collected in cookies also allows us to improve the website, adapt it to your interests as a user, speed up the searches you make, etc..<\/p>\n<p>In certain cases, if we have obtained your prior informed consent, we may use cookies for other uses, such as to obtain information that allows us to show you advertising based on the analysis of your browsing habits.<\/p>\n<h2>What are cookies NOT used for on this website?<\/h2>\n<p>No sensitive personally identifiable information such as your name, address, password, etc. is stored in the cookies we use.<\/p>\n<h2>Who uses the information stored in cookies?<\/h2>\n<p>The information stored in the cookies of our Web Site is used exclusively by us, except for those identified below as &#8220;third party cookies&#8221;, which are used and managed by external entities that provide us with services that improve the user experience. For example, statistics that are collected on the number of visits, the most liked content, etc&#8230;<\/p>\n<h2>How can you prevent the use of cookies on this Web Site?<\/h2>\n<p>If you prefer to avoid the use of cookies, you can REJECT their use or you can CONFIGURE the ones you want to avoid and the ones you are allowed to use (in this document we give you more information about each type of cookie, its purpose, recipient, temporality, etc&#8230; ).<\/p>\n<p>If you have accepted them, we will not ask you again unless you delete the cookies on your device as indicated in the following section. If you want to revoke your consent, you will have to delete the cookies and set them again.<\/p>\n<h2>How do I disable and delete the use of cookies?<\/h2>\n<p>To restrict, block or delete cookies from this Website (and those used by third parties) you can do so, at any time, by modifying the settings of your browser. Please note that these settings are different for each browser.<\/p>\n<p>In the following links you will find instructions on how to enable or disable cookies in the most common browsers.<\/p>\n<ul>\n<li><a href=\"http:\/\/support.mozilla.org\/es\/kb\/habilitar-y-deshabilitar-cookies-que-los-sitios-we\" target=\"_blank\" rel=\"nofollow noopener\">Firefox<\/a><\/li>\n<li><a href=\"https:\/\/support.google.com\/chrome\/answer\/95647?hl=es\" target=\"_blank\" rel=\"noopener noreferrer nofollow\">Google Chrome<\/a><\/li>\n<li><a href=\"https:\/\/support.microsoft.com\/es-es\/help\/17442\/windows-internet-explorer-delete-manage-cookies#ie=&quot;ie-10\" target=\"_blank\" rel=\"noopener noreferrer nofollow\">Internet Explorer<\/a><\/li>\n<li><a href=\"https:\/\/support.microsoft.com\/es-es\/help\/4468242\/microsoft-edge-browsing-data-and-privacy\" target=\"_blank\" rel=\"noopener noreferrer nofollow\">Microsoft Edge<\/a><\/li>\n<li><a href=\"http:\/\/support.apple.com\/kb\/HT1677?viewlocale=es_ES\" target=\"_blank\" rel=\"nofollow noopener\">Safari<\/a><\/li>\n<\/ul>\n<h2>What types of cookies are used on this website?<\/h2>\n<p>Each website uses its own cookies. On our website we use those listed below:<\/p>\n<p><strong>ACCORDING TO THE ENTITY THAT MANAGES IT<\/strong><\/p>\n<p><strong>Own Cookies:<\/strong><\/p>\n<p>These are those that are sent to the User&#8217;s terminal equipment from a computer or domain managed by the editor itself and from which the service requested by the User is provided.<\/p>\n<p><strong>Third-party cookies:<\/strong><\/p>\n<p>Are those that are sent to the User&#8217;s terminal equipment from a computer or domain that is not managed by the editor, but by another entity that treats the data obtained through cookies.<\/p>\n<p>In the event that the cookies are served from a computer or domain managed by the editor itself, but the information collected through these is managed by a third party, they cannot be considered as own cookies if the third party uses them for its own purposes (for example, the improvement of the services it provides or the provision of advertising services in favor of other entities).<\/p>\n<p><strong>BY PURPOSE<\/strong><\/p>\n<p><strong>Technical Cookies:<\/strong><\/p>\n<p>Are those necessary for navigation and the proper functioning of our Website, such as controlling traffic and data communication, identifying the session, accessing parts of restricted access, making the application for registration or participation in an event, counting visits for the purposes of billing licenses of the software with which the Website service works, using security elements during navigation, storing content for the broadcast of videos or sound, enabling dynamic content (for example, loading animation of a text or image).<\/p>\n<p><strong>Analysis cookies:<\/strong><\/p>\n<p>They allow to quantify the number of users and thus perform the measurement and statistical analysis of the use made by users of the Website.<\/p>\n<p><strong>Preference or personalization cookies:<\/strong><\/p>\n<p>Are those that allow remembering information for the User to access the service with certain characteristics that can differentiate their experience from that of other users, such as, for example, the language, the number of results to display when the User performs a search, the appearance or content of the service depending on the type of browser through which the User accesses the service or the region from which the User accesses the service, etc.<\/p>\n<p><strong>ACCORDING TO THE LENGTH OF TIME THEY REMAIN ACTIVE<\/strong><\/p>\n<p><strong>Session Cookies:<\/strong><\/p>\n<p>These are those designed to collect and store data while the User accesses a web page.<\/p>\n<p>They are usually used to store information that is only of interest to keep for the provision of the service requested by the user on a single occasion (for example, a list of products purchased) and disappear at the end of the session.<\/p>\n<p><strong>Persistent Cookies:<\/strong><\/p>\n<p>These are those in which the data remain stored in the terminal and can be accessed and processed for a period defined by the person responsible for the cookie, which can range from a few minutes to several years. In this regard, it should be specifically assessed whether the use of persistent cookies is necessary, since the risks to privacy could be reduced by using session cookies. In any case, when persistent cookies are installed, it is recommended to reduce their temporary duration to the minimum necessary, taking into account the purpose of their use. To this effect, WG29 Opinion 4\/2012 indicated that for a cookie to be exempt from the duty of informed consent, its expiration must be related to its purpose. Because of this, session cookies are much more likely to be considered exempt than persistent cookies.<\/p>\n<p>The cookies used on this website are the following:<\/p>\n<p>[\/et_pb_text][et_pb_code _builder_version=&#8221;4.24.0&#8243; _module_preset=&#8221;default&#8221; global_colors_info=&#8221;{}&#8221;]<script id=\"CookieDeclaration\" src=\"https:\/\/consent.cookiebot.com\/4f888773-4128-49e1-8a72-4f54af63ae4d\/cd.js\" type=\"text\/javascript\" async><\/script>[\/et_pb_code][\/et_pb_column][\/et_pb_row][\/et_pb_section]<\/p>\n","protected":false},"excerpt":{"rendered":"<p>COOKIESPOLICYWhat are cookies? In English, the term &#8220;cookie&#8221; means cookie, but in the field of web browsing, a &#8220;cookie&#8221; is something completely different. When you access our Web Site, a small amount of text is stored on your device&#8217;s browser called a &#8220;cookie&#8221;. This text contains a variety of information about your browsing habits, preferences, [&hellip;]<\/p>\n","protected":false},"author":1,"featured_media":0,"parent":0,"menu_order":0,"comment_status":"closed","ping_status":"closed","template":"","meta":{"_et_pb_use_builder":"on","_et_pb_old_content":"<p>[et_pb_section fb_built=\"1\" admin_label=\"Hero\" _builder_version=\"4.22.1\" background_color=\"#e7af22\" background_image=\"https:\/\/intersys.site\/wp-content\/uploads\/2023\/09\/circle-background-pattern.png\" custom_padding=\"67px|0px|67.1875px|0px|false|false\" animation_style=\"zoom\" animation_intensity_zoom=\"4%\" global_colors_info=\"{}\"][et_pb_row _builder_version=\"4.16\" custom_padding=\"|||\" animation_style=\"slide\" animation_direction=\"top\" animation_intensity_slide=\"3%\" global_colors_info=\"{}\"][et_pb_column type=\"4_4\" _builder_version=\"4.16\" custom_padding=\"|||\" global_colors_info=\"{}\" custom_padding__hover=\"|||\"][et_pb_text _builder_version=\"4.22.2\" text_font=\"||||||||\" header_font=\"Montserrat|700||on|||||\" header_text_color=\"#f7f7f7\" header_font_size=\"60px\" header_line_height=\"1.3em\" custom_margin=\"|||\" animation_style=\"fade\" header_font_size_last_edited=\"off|desktop\" locked=\"off\" global_colors_info=\"{}\"]<\/p><h1><span class=\"antiqua\">POL\u00cdTICA DE<\/span><br \/><span class=\"antiqua\" style=\"color: #353740;\">COOKIES<\/span><\/h1><p>[\/et_pb_text][\/et_pb_column][\/et_pb_row][\/et_pb_section][et_pb_section fb_built=\"1\" _builder_version=\"4.22.2\" _module_preset=\"default\" global_colors_info=\"{}\"][et_pb_row _builder_version=\"4.22.2\" _module_preset=\"default\" global_colors_info=\"{}\"][et_pb_column type=\"4_4\" _builder_version=\"4.22.2\" _module_preset=\"default\" global_colors_info=\"{}\"][et_pb_text _builder_version=\"4.22.2\" _module_preset=\"default\" hover_enabled=\"0\" global_colors_info=\"{}\" sticky_enabled=\"0\"]<\/p><h2>\u00bfQu\u00e9 son las cookies?<\/h2><p>En ingl\u00e9s, el t\u00e9rmino \"cookie\" significa galleta, pero en el \u00e1mbito de la navegaci\u00f3n web, una \"cookie\" es algo completamente distinto. Cuando accede a nuestro Sitio Web, en el navegador de su dispositivo se almacena una peque\u00f1a cantidad de texto que se denomina \"cookie\". Este texto contiene informaci\u00f3n variada sobre su navegaci\u00f3n, h\u00e1bitos, preferencias, personalizaciones de contenidos, etc...<\/p><p>Existen otras tecnolog\u00edas que funcionan de manera similar y que tambi\u00e9n se usan para recopilar datos sobre tu actividad de navegaci\u00f3n. Llamaremos \"cookies\" a todas estas tecnolog\u00edas en su conjunto.<\/p><p>Los usos concretos que hacemos de estas tecnolog\u00edas se describen en el presente documento.<\/p><h2>\u00bfPara qu\u00e9 se utilizan las cookies en esta web?<\/h2><p>Las cookies son una parte esencial de c\u00f3mo funciona el Sitio Web. El objetivo principal de nuestras cookies es mejorar su experiencia en la navegaci\u00f3n. Por ejemplo, para recordar sus preferencias (idioma, pa\u00eds, etc.) durante la navegaci\u00f3n y en futuras visitas. La informaci\u00f3n recogida en las cookies nos permite adem\u00e1s mejorar la web, adaptarla a sus intereses como usuario, acelerar las b\u00fasquedas que realice, etc..<\/p><p>En determinados casos, si hemos obtenido su previo consentimiento informado, podremos utilizar cookies para otros usos, como por ejemplo para obtener informaci\u00f3n que nos permita mostrarle publicidad basada en el an\u00e1lisis de sus h\u00e1bitos de navegaci\u00f3n.<\/p><h2>\u00bfPara qu\u00e9 NO se utilizan las cookies en esta web?<\/h2><p>En las cookies que utilizamos no se almacena informaci\u00f3n sensible de identificaci\u00f3n personal como su nombre, direcci\u00f3n, tu contrase\u00f1a, etc...<\/p><h2>\u00bfQui\u00e9n utiliza la informaci\u00f3n almacenada en las cookies?<\/h2><p>La informaci\u00f3n almacenada en las cookies de nuestro Sitio Web es utilizada exclusivamente por nosotros, a excepci\u00f3n de aquellas identificadas m\u00e1s adelante como \"cookie de terceros\", que son utilizadas y gestionadas por entidades externas que nos proporcionan servicios que mejoran la experiencia del usuario. Por ejemplo las estad\u00edsticas que se recogen sobre el n\u00famero de visitas, el contenido que m\u00e1s gusta, etc...<\/p><h2>\u00bfC\u00f3mo puede evitar el uso de cookies en este Sitio Web?<\/h2><p>Si prefiere evitar el uso de las cookies, puede RECHAZAR su uso o puede CONFIGURAR las que quiere evitar y las que permite utilizar (en este documento le damos informaci\u00f3n ampliada al respecto de cada tipo de cookie, su finalidad, destinatario, temporalidad, etc... ).<\/p><p>Si las ha aceptado, no volveremos a preguntarle a menos que borre las cookies en su dispositivo seg\u00fan se indica en el apartado siguiente. Si quiere revocar el consentimiento tendr\u00e1 que eliminar las cookies y volver a configurarlas.<\/p><h2>\u00bfC\u00f3mo deshabilito y elimino la utilizaci\u00f3n de cookies?<\/h2><p>Para restringir, bloquear o borrar las cookies de este Sitio Web (y las usada por terceros) puede hacerlo, en cualquier momento, modificando la configuraci\u00f3n de su navegador. Tenga en cuenta que esta configuraci\u00f3n es diferente en cada navegador.<\/p><p>En los siguientes enlaces encontrar\u00e1 instrucciones para habilitar o deshabilitar las cookies en los navegadores m\u00e1s comunes.<\/p><ul><li><a href=\"http:\/\/support.mozilla.org\/es\/kb\/habilitar-y-deshabilitar-cookies-que-los-sitios-we\" target=\"_blank\" rel=\"nofollow noopener\">Firefox<\/a><\/li><li><a href=\"https:\/\/support.google.com\/chrome\/answer\/95647?hl=es\" target=\"_blank\" rel=\"noopener noreferrer nofollow\">Google Chrome<\/a><\/li><li><a href=\"https:\/\/support.microsoft.com\/es-es\/help\/17442\/windows-internet-explorer-delete-manage-cookies#ie=\"ie-10\" target=\"_blank\" rel=\"noopener noreferrer nofollow\">Internet Explorer<\/a><\/li><li><a href=\"https:\/\/support.microsoft.com\/es-es\/help\/4468242\/microsoft-edge-browsing-data-and-privacy\" target=\"_blank\" rel=\"noopener noreferrer nofollow\">Microsoft Edge<\/a><\/li><li><a href=\"http:\/\/support.apple.com\/kb\/HT1677?viewlocale=es_ES\" target=\"_blank\" rel=\"nofollow noopener\">Safari<\/a><\/li><\/ul><h2>\u00bfQu\u00e9 tipos de cookies se utilizan en esta p\u00e1gina web?<\/h2><p>Cada p\u00e1gina web utiliza sus propias cookies. En nuestra web utilizamos las que se indican a continuaci\u00f3n:<\/p><p><b>SEG\u00daN LA ENTIDAD QUE LO GESTIONA<\/b><\/p><p><b>Cookies propias:<\/b><\/p><p>Son aquellas que se env\u00edan al equipo terminal del Usuario desde un equipo o dominio gestionado por el propio editor y desde el que se presta el servicio solicitado por el Usuario.<\/p><p><b>Cookies de terceros:<\/b><\/p><p>Son aquellas que se env\u00edan al equipo terminal del Usuario desde un equipo o dominio que no es gestionado por el editor, sino por otra entidad que trata los datos obtenidos trav\u00e9s de las cookies.<\/p><p>En el caso de que las cookies sean servidas desde un equipo o dominio gestionado por el propio editor, pero la informaci\u00f3n que se recoja mediante estas sea gestionada por un tercero, no pueden ser consideradas como cookies propias si el tercero las utiliza para sus propias finalidades (por ejemplo, la mejora de los servicios que presta o la prestaci\u00f3n de servicios de car\u00e1cter publicitario a favor de otras entidades).<\/p><p><b>SEG\u00daN SU FINALIDAD<\/b><\/p><p><b>Cookies t\u00e9cnicas:<\/b><\/p><p>Son aquellas necesarias para la navegaci\u00f3n y el buen funcionamiento de nuestro Sitio Web, como por ejemplo, controlar el tr\u00e1fico y la comunicaci\u00f3n de datos, identificar la sesi\u00f3n, acceder a partes de acceso restringido, realizar la solicitud de inscripci\u00f3n o participaci\u00f3n en un evento, contar visitas a efectos de la facturaci\u00f3n de licencias del software con el que funciona el servicio del Sitio Web, utilizar elementos de seguridad durante la navegaci\u00f3n, almacenar contenidos para la difusi\u00f3n de v\u00eddeos o sonido, habilitar contenidos din\u00e1micos (por ejemplo, animaci\u00f3n de carga de un texto o imagen).<\/p><p><b>Cookies de an\u00e1lisis:<\/b><\/p><p>Permiten cuantificar el n\u00famero de usuarios y as\u00ed realizar la medici\u00f3n y an\u00e1lisis estad\u00edstico de la utilizaci\u00f3n que hacen los usuarios del Sitio Web.<\/p><p><b>Cookies de preferencias o personalizaci\u00f3n:<\/b><\/p><p>Son aquellas que permiten recordar informaci\u00f3n para que el Usuario acceda al servicio con determinadas caracter\u00edsticas que pueden diferenciar su experiencia de la de otros usuarios, como, por ejemplo, el idioma, el n\u00famero de resultados a mostrar cuando el Usuario realiza una b\u00fasqueda, el aspecto o contenido del servicio en funci\u00f3n del tipo de navegador a trav\u00e9s del cual el Usuario accede al servicio o de la regi\u00f3n desde la que accede al servicio, etc.<\/p><p><b>SEG\u00daN EL PLAZO DE TIEMPO QUE PERMANECEN ACTIVADAS<\/b><\/p><p><b>Cookies de sesi\u00f3n:<\/b><\/p><p>Son aquellas dise\u00f1adas para recabar y almacenar datos mientras el Usuario accede a una p\u00e1gina web.<\/p><p>Se suelen emplear para almacenar informaci\u00f3n que solo interesa conservar para la prestaci\u00f3n del servicio solicitado por el Usuario en una sola ocasi\u00f3n (por ejemplo, una lista de productos adquiridos) y desaparecen al terminar la sesi\u00f3n.<\/p><p><b>Cookies persistentes:<\/b><\/p><p>Son aquellas en las que los datos siguen almacenados en el terminal y pueden ser accedidos y tratados durante un periodo definido por el responsable de la cookie, y que puede ir de unos minutos a varios a\u00f1os. A este respecto debe valorarse espec\u00edficamente si es necesaria la utilizaci\u00f3n de cookies persistentes, puesto que los riesgos para la privacidad podr\u00edan reducirse mediante la utilizaci\u00f3n de cookies de sesi\u00f3n. En todo caso, cuando se instalen cookies persistentes, se recomienda reducir al m\u00ednimo necesario su duraci\u00f3n temporal atendiendo a la finalidad de su uso. A estos efectos, el Dictamen 4\/2012 del GT29 indic\u00f3 que para que una cookie pueda estar exenta del deber de consentimiento informado, su caducidad debe estar relacionada con su finalidad. Debido a ello, es mucho m\u00e1s probable que se consideren como exceptuadas las cookies de sesi\u00f3n que las persistentes.<\/p><p>Lasa cookies utilizadas en esta web son las siguientes:<\/p><p>[\/et_pb_text][\/et_pb_column][\/et_pb_row][\/et_pb_section][et_pb_section fb_built=\"1\" fullwidth=\"on\" _builder_version=\"4.22.2\" _module_preset=\"default\" global_colors_info=\"{}\"][et_pb_fullwidth_code _builder_version=\"4.22.2\" _module_preset=\"default\" global_colors_info=\"{}\"]<script id=\"Cookiebot\" src=\"https:\/\/consent.cookiebot.com\/uc.js\" data-cbid=\"4f888773-4128-49e1-8a72-4f54af63ae4d\" data-blockingmode=\"auto\" type=\"text\/javascript\"><\/script>[\/et_pb_fullwidth_code][\/et_pb_section]<\/p>","_et_gb_content_width":"","footnotes":""},"class_list":["post-871","page","type-page","status-publish","hentry"],"_links":{"self":[{"href":"https:\/\/intersys.site\/en\/wp-json\/wp\/v2\/pages\/871","targetHints":{"allow":["GET"]}}],"collection":[{"href":"https:\/\/intersys.site\/en\/wp-json\/wp\/v2\/pages"}],"about":[{"href":"https:\/\/intersys.site\/en\/wp-json\/wp\/v2\/types\/page"}],"author":[{"embeddable":true,"href":"https:\/\/intersys.site\/en\/wp-json\/wp\/v2\/users\/1"}],"replies":[{"embeddable":true,"href":"https:\/\/intersys.site\/en\/wp-json\/wp\/v2\/comments?post=871"}],"version-history":[{"count":5,"href":"https:\/\/intersys.site\/en\/wp-json\/wp\/v2\/pages\/871\/revisions"}],"predecessor-version":[{"id":935,"href":"https:\/\/intersys.site\/en\/wp-json\/wp\/v2\/pages\/871\/revisions\/935"}],"wp:attachment":[{"href":"https:\/\/intersys.site\/en\/wp-json\/wp\/v2\/media?parent=871"}],"curies":[{"name":"wp","href":"https:\/\/api.w.org\/{rel}","templated":true}]}}